{"id":13085,"date":"2022-03-07T04:32:20","date_gmt":"2022-03-07T04:32:20","guid":{"rendered":"https:\/\/www.kudusafaricamp.com\/terms-and-conditions\/"},"modified":"2022-06-09T15:45:35","modified_gmt":"2022-06-09T14:45:35","slug":"terms-and-conditions","status":"publish","type":"page","link":"https:\/\/kudusafaricamp.com\/it\/terms-and-conditions\/","title":{"rendered":"Termini e Condizioni"},"content":{"rendered":"\n<p>1.&nbsp;&nbsp;&nbsp;&nbsp;&nbsp;&nbsp; Premesse.<br>Il sito www.theviewlugano.com (di seguito, il&nbsp;Sito) \u00e8 di propriet\u00e0 della societ\u00e0 Kudu Travel Ltd con sede a Malindi (Kenya), Lamu Road Sabaki, Malindi Kenya, VAT KEP051344150N, tel. +254 115992057 (di seguito, la&nbsp;Societ\u00e0).<br>Il presente documento (di seguito, le&nbsp;Condizioni Generali) definisce i termini e le condizioni predisposte da Kudu Travel Ltd per l\u2019utilizzo del Sito e dei relativi servizi di prenotazione. Le presenti Condizioni Generali, unitamente alle politiche in materia di privacy adottate dalla Societ\u00e0, si considerano conosciute ed accettate integralmente dall\u2019Utente che naviga ed utilizza il Sito. Non \u00e8 possibile procedere ad alcuna prenotazione senza la preventiva conoscenza ed accettazione delle Condizioni Generali.<br>Il termine&nbsp;Utente&nbsp;viene impiegato in questa sede per richiamarsi a tutte le persone e\/o societ\u00e0 che accedono al Sito o che ne utilizzino i relativi servizi.<br>2.&nbsp;&nbsp;&nbsp;&nbsp;&nbsp;&nbsp; Ambito di applicazione.<br>Le presenti Condizioni Generali si applicano a tutte le visite e prenotazioni online effettuate tramite il Sito.<br>3.&nbsp;&nbsp;&nbsp;&nbsp;&nbsp;&nbsp; Diritti di propriet\u00e0 intellettuale.<br>Ogni contenuto presente sul Sito come, a titolo meramente esemplificativo, i dati, le informazioni, le comunicazioni, i contenuti redazionali, le foto, i video, i grafici, i disegni, i loghi, i marchi e in generale qualsiasi materiale e servizio ivi presente, ove non diversamente indicato, sono di propriet\u00e0 di Kudu Travel Ltd, e deve ritenersi tutelato ai sensi della legge sul diritto d\u2019autore e sul diritto di propriet\u00e0 industriale. Pertanto \u00e8 espressamente vietato riprodurre, copiare e\/o utilizzare il marchio, il logo, il sito, i contenuti o quant\u2019altro di questo portale se non espressamente autorizzati per iscritto. Le immagini del Sito sono fornite al solo scopo di essere visualizzate e non possono essere salvate o scaricate in nessun formato.<br>4.&nbsp;&nbsp;&nbsp;&nbsp;&nbsp;&nbsp; Modalit\u00e0 di prenotazione.<br>Tramite il Sito, gli Utenti possono effettuare, con riferimento alla struttura di cui la Societ\u00e0 \u00e8 proprietaria, ricerche di disponibilit\u00e0 in base alle date prescelte dall\u2019Utente stesso. I risultati restituiti dal sistema mostreranno in tempo reale le disponibilit\u00e0 per il tipo di camera prescelta dall\u2019Utente visualizzando, per ciascuna tipologia, le rispettive condizioni di vendita quali, a titolo esemplificativo, il prezzo del soggiorno (espresso in franchi svizzeri) con inclusione o meno nello stesso delle tasse, servizi accessori alla prenotazione, servizi inclusi nella prenotazione, possibili penali, orari di check-in e di check-out, modi e metodi di pagamento, ecc.. Per ciascuna singola prenotazione, il Sito specificher\u00e0 in modo chiaro e preciso le modalit\u00e0 e le condizioni di prenotazione.<br>Una volta che l\u2019Utente abbia trovato la soluzione adatta alle proprie esigenze dovr\u00e0 inserire i propri estremi per l\u2019attribuzione della prenotazione nonch\u00e9 i dati della carta di credito richiesti per permettere l\u2019addebito integrale ed in via anticipata dell\u2019importo del servizio prescelto. Il mancato conferimento dei dati relativi alla carta di credito comporta l\u2019impossibilit\u00e0 di effettuate la prenotazione. L\u2019Utente \u00e8 responsabile per la veridicit\u00e0 e correttezza delle informazioni specificate nel Sito.<br>5.&nbsp;&nbsp;&nbsp;&nbsp;&nbsp;&nbsp; Corrispettivo e modalit\u00e0 di pagamento.<br>Il pagamento del corrispettivo relativo alla prenotazione, comprensivo di Iva, \u00e8 integralmente addebitato in via anticipata da Kudu Travel Ltd direttamente sulla carta di credito inserita dall\u2019Utente al momento della prenotazione. L\u2019Utente, cliccando sul tasto \u00abConferma prenotazione\u00bb, autorizza, da parte sua, la transazione con Kudu Travel Ltd alle condizione specificate.<br>Il buon fine della prenotazione \u00e8 subordinato all\u2019esito positivo della transazione tramite la carta di credito (la&nbsp;Condizione Sospensiva). Fino al momento dell\u2019avvenuta transazione, l\u2019acquisto dei servizi richiesti non si intender\u00e0 perfezionato.<br>Successivamente alla realizzazione della Condizione Sospensiva ed al perfezionamento della transazione, Kudu Travel Ltd invier\u00e0 un\u2019e-mail di conferma all\u2019Utente contenente tutti gli estremi della prenotazione confermata, le condizioni di vendita, i termini di cancellazione e le penali e tutti i riferimenti necessari per la successiva gestione della stessa.<br>La Societ\u00e0 declina ogni responsabilit\u00e0 per l\u2019eventuale abusiva o indebita utilizzazione della carta di credito dell\u2019Utente e per ogni conseguenza dannosa che possa derivare per operazioni effettuate tramite carta di credito, che siano estranee alla propria sfera di controllo.<br>La Societ\u00e0 declina ogni responsabilit\u00e0 nel caso in cui, nel corso della prenotazione, l\u2019Utente dovesse incorrere in bug e\/o errori tecnici. In questo caso, la prenotazione non si intender\u00e0 andata a buon fine.<br>6.&nbsp;&nbsp;&nbsp;&nbsp;&nbsp;&nbsp; Modifica e cancellazione della prenotazione.<br>La modifica o cancellazione della prenotazione avviene mediante invio di un\u2019e-mail all\u2019indirizzo&nbsp;info@kudusafaricamp.com. Le condizioni legate alla cancellazione e modifica della prenotazione variano in relazione al tipo di soggiorno acquistato. L\u2019Utente potr\u00e0 modificare o cancellare la prenotazione solo ed esclusivamente se previsto al momento dell\u2019acquisto ed alle condizioni stabilite in relazione alla singola prenotazione e dettagliatamente specificate sia al momento dell\u2019acquisto che nell\u2019e-mail di conferma della prenotazione.<br>7.&nbsp;&nbsp;&nbsp;&nbsp;&nbsp;&nbsp; Esclusione del diritto di recesso.<br>Ai sensi dell\u2019art. 55, comma 1, lett. b) del D.Lgs. 6 settembre 2005, n. 206 (il&nbsp;Codice del Consumo), il diritto di recesso previsto a tutela dei consumatori in caso di contratti e proposte contrattuali a distanza ovvero negoziati fuori dai locali commerciali (articoli 64 e seguenti) non si applica ai contratti relativi all\u2019alloggio quando all\u2019atto della conclusione del contratto il professionista si impegna a fornire tali prestazioni ad una data determinata o in un periodo prestabilito. Pertanto l\u2019Utente, fatto salvo quanto previsto in materia di cancellazione della prenotazione di cui al paragrafo 6, non ha diritto di recesso.<br>8.&nbsp;&nbsp;&nbsp;&nbsp;&nbsp;&nbsp; Forza maggiore.<br>Kudu Travel Ltd e l\u2019Utente non saranno responsabili l\u2019uno nei confronti dell\u2019altro per perdite, danni o ritardi causati da scioperi, agitazioni sindacali, serrate, caso fortuito, incendi, adeguamento e disposizioni di legge, ordini o regolamenti governativi, insurrezioni, stato di guerra od atti simili, elementi naturali, embargo forza maggiore o qualsiasi altra causa al di fuori del proprio ragionevole controllo.<br>9.&nbsp;&nbsp;&nbsp;&nbsp;&nbsp;&nbsp; Esclusione dalla garanzia e dalla responsabilit\u00e0.<br>Kudu Travel Ltd non garantisce l\u2019affidabilit\u00e0, n\u00e9 la disponibilit\u00e0 n\u00e9 la continuit\u00e0 dei servizi messi a disposizione dell\u2019Utente. Pertanto declina ogni responsabilit\u00e0 per eventuali danni di qualsiasi natura riconducibili all\u2019indisponibilit\u00e0, all\u2019affidabilit\u00e0 o alla continuit\u00e0 del suo sito web e dei suoi servizi sebbene si adoperer\u00e0 per agevolare, nei limiti del possibile, l\u2019aiuto tecnico alla persona interessata.<br>Kudu Travel Ltd non s\u2019impegna a controllare e non controlla previamente l\u2019assenza di virus o di elementi nei contenuti che possano provocare modifiche al software o all\u2019hardware degli utenti o delle persone che visitano i siti. Pertanto non risponder\u00e0 dei danni di qualsiasi natura eventualmente derivanti dai medesimi.<br>10.&nbsp;&nbsp;&nbsp; Legge applicabile e foro esclusivo.<br>Il presente Sito e le presenti Condizioni Generali sono interamente sottoposte al diritto italiano, che ne regola la conclusione, esecuzione e cessazione, ed in base al quale saranno interpretati, anche al fine della risoluzione delle controversie da essi nascenti.<br>L\u2019Utente accetta l\u2019esclusiva giurisdizione dell\u2019Autorit\u00e0 Giudiziaria Italiana per la risoluzione di ogni disputa inerente, a titolo esemplificativo e non esaustivo, alla validit\u00e0, applicazione, interpretazione, esecuzione delle disposizioni di cui alle Condizioni Generali riconoscendo, altres\u00ec, la competenza in via esclusiva ed inderogabile dell\u2019Autorit\u00e0 Giudiziaria del Foro di Milano.<br>11.&nbsp;&nbsp;&nbsp; Lingua delle Condizioni Generali.<br>Il testo originale delle Condizioni Generali \u00e8 stato redatto in lingua italiana. Il testo originale in lingua italiana potrebbe essere stato tradotto in altre lingue. Le versioni tradotte sono ufficiose e a scopo meramente illustrativo e, dunque, prive di valore legale. In caso di dispute o conflitti riguardati la sua applicazione o interpretazione, si far\u00e0 esclusivo riferimento in ogni sede e luogo e a tutti gli effetti legali alla sola versione redatta in lingua italiana.<br>12.&nbsp;&nbsp;&nbsp; Disposizioni finali.<br>L\u2019eventuale nullit\u00e0 di una o pi\u00f9 clausole o di parte di esse, non comporta la nullit\u00e0 delle Condizioni Generali n\u00e9 della restante parte della clausola stessa.<br>La prenotazione \u00e8 personale e non pu\u00f2 essere trasferita liberamente senza il previo consenso di Kudu Travel Ltd.<br>Qualsiasi comunicazione relativa alle presenti Condizioni Generali e\/o all\u2019utilizzo del Sito deve essere effettuata inviando un\u2019e-mail al seguente indirizzo:&nbsp;info@kudusafaricamp.com<br>Le presenti Condizioni Generali sono state redatte in data 26 luglio 2016. Kudu Travel Ltd si riserva il diritto di modificare le Condizioni Generali, informando gli utenti sul Sito. Pertanto, si invita a l\u2019Utente a consultare le Condizioni Generali prima di ogni accesso e\/o prenotazione<\/p>\n\n\n\n<p> <\/p>\n","protected":false},"excerpt":{"rendered":"<p>1.&nbsp;&nbsp;&nbsp;&nbsp;&nbsp;&nbsp; Premesse.Il sito www.theviewlugano.com (di seguito, il&nbsp;Sito) \u00e8 di propriet\u00e0 della societ\u00e0 Kudu Travel Ltd con sede a Malindi (Kenya), Lamu Road Sabaki, Malindi Kenya, VAT KEP051344150N, tel. +254 115992057 (di seguito, la&nbsp;Societ\u00e0).Il presente documento (di seguito, le&nbsp;Condizioni Generali) definisce i termini e le condizioni predisposte da Kudu Travel Ltd per l\u2019utilizzo del Sito e [&hellip;]<\/p>\n","protected":false},"author":1,"featured_media":0,"parent":0,"menu_order":12,"comment_status":"closed","ping_status":"closed","template":"","meta":{"footnotes":""},"folder":[110],"class_list":["post-13085","page","type-page","status-publish","hentry"],"yoast_head":"<!-- This site is optimized with the Yoast SEO plugin v26.2 - https:\/\/yoast.com\/wordpress\/plugins\/seo\/ -->\n<title>Termini e Condizioni - Kudu Safari Camp<\/title>\n<meta name=\"robots\" content=\"index, follow, max-snippet:-1, max-image-preview:large, max-video-preview:-1\" \/>\n<link rel=\"canonical\" href=\"https:\/\/kudusafaricamp.com\/it\/terms-and-conditions\/\" \/>\n<meta property=\"og:locale\" content=\"it_IT\" \/>\n<meta property=\"og:type\" content=\"article\" \/>\n<meta property=\"og:title\" content=\"Termini e Condizioni - Kudu Safari Camp\" \/>\n<meta property=\"og:description\" content=\"1.&nbsp;&nbsp;&nbsp;&nbsp;&nbsp;&nbsp; Premesse.Il sito www.theviewlugano.com (di seguito, il&nbsp;Sito) \u00e8 di propriet\u00e0 della societ\u00e0 Kudu Travel Ltd con sede a Malindi (Kenya), Lamu Road Sabaki, Malindi Kenya, VAT KEP051344150N, tel. +254 115992057 (di seguito, la&nbsp;Societ\u00e0).Il presente documento (di seguito, le&nbsp;Condizioni Generali) definisce i termini e le condizioni predisposte da Kudu Travel Ltd per l\u2019utilizzo del Sito e [&hellip;]\" \/>\n<meta property=\"og:url\" content=\"https:\/\/kudusafaricamp.com\/it\/terms-and-conditions\/\" \/>\n<meta property=\"og:site_name\" content=\"Kudu Safari Camp\" \/>\n<meta property=\"article:modified_time\" content=\"2022-06-09T14:45:35+00:00\" \/>\n<meta name=\"twitter:card\" content=\"summary_large_image\" \/>\n<meta name=\"twitter:label1\" content=\"Tempo di lettura stimato\" \/>\n\t<meta name=\"twitter:data1\" content=\"6 minuti\" \/>\n<script type=\"application\/ld+json\" class=\"yoast-schema-graph\">{\"@context\":\"https:\/\/schema.org\",\"@graph\":[{\"@type\":\"WebPage\",\"@id\":\"https:\/\/kudusafaricamp.com\/it\/terms-and-conditions\/\",\"url\":\"https:\/\/kudusafaricamp.com\/it\/terms-and-conditions\/\",\"name\":\"Termini e Condizioni - Kudu Safari Camp\",\"isPartOf\":{\"@id\":\"https:\/\/kudusafaricamp.com\/it\/#website\"},\"datePublished\":\"2022-03-07T04:32:20+00:00\",\"dateModified\":\"2022-06-09T14:45:35+00:00\",\"breadcrumb\":{\"@id\":\"https:\/\/kudusafaricamp.com\/it\/terms-and-conditions\/#breadcrumb\"},\"inLanguage\":\"it-IT\",\"potentialAction\":[{\"@type\":\"ReadAction\",\"target\":[\"https:\/\/kudusafaricamp.com\/it\/terms-and-conditions\/\"]}]},{\"@type\":\"BreadcrumbList\",\"@id\":\"https:\/\/kudusafaricamp.com\/it\/terms-and-conditions\/#breadcrumb\",\"itemListElement\":[{\"@type\":\"ListItem\",\"position\":1,\"name\":\"Home\",\"item\":\"https:\/\/kudusafaricamp.com\/it\/\"},{\"@type\":\"ListItem\",\"position\":2,\"name\":\"Termini e Condizioni\"}]},{\"@type\":\"WebSite\",\"@id\":\"https:\/\/kudusafaricamp.com\/it\/#website\",\"url\":\"https:\/\/kudusafaricamp.com\/it\/\",\"name\":\"Kudu Safari Camp Tsavo East\",\"description\":\"WILD LUXURY EXPERIENCE\",\"potentialAction\":[{\"@type\":\"SearchAction\",\"target\":{\"@type\":\"EntryPoint\",\"urlTemplate\":\"https:\/\/kudusafaricamp.com\/it\/?s={search_term_string}\"},\"query-input\":{\"@type\":\"PropertyValueSpecification\",\"valueRequired\":true,\"valueName\":\"search_term_string\"}}],\"inLanguage\":\"it-IT\"}]}<\/script>\n<!-- \/ Yoast SEO plugin. -->","yoast_head_json":{"title":"Termini e Condizioni - Kudu Safari Camp","robots":{"index":"index","follow":"follow","max-snippet":"max-snippet:-1","max-image-preview":"max-image-preview:large","max-video-preview":"max-video-preview:-1"},"canonical":"https:\/\/kudusafaricamp.com\/it\/terms-and-conditions\/","og_locale":"it_IT","og_type":"article","og_title":"Termini e Condizioni - Kudu Safari Camp","og_description":"1.&nbsp;&nbsp;&nbsp;&nbsp;&nbsp;&nbsp; Premesse.Il sito www.theviewlugano.com (di seguito, il&nbsp;Sito) \u00e8 di propriet\u00e0 della societ\u00e0 Kudu Travel Ltd con sede a Malindi (Kenya), Lamu Road Sabaki, Malindi Kenya, VAT KEP051344150N, tel. +254 115992057 (di seguito, la&nbsp;Societ\u00e0).Il presente documento (di seguito, le&nbsp;Condizioni Generali) definisce i termini e le condizioni predisposte da Kudu Travel Ltd per l\u2019utilizzo del Sito e [&hellip;]","og_url":"https:\/\/kudusafaricamp.com\/it\/terms-and-conditions\/","og_site_name":"Kudu Safari Camp","article_modified_time":"2022-06-09T14:45:35+00:00","twitter_card":"summary_large_image","twitter_misc":{"Tempo di lettura stimato":"6 minuti"},"schema":{"@context":"https:\/\/schema.org","@graph":[{"@type":"WebPage","@id":"https:\/\/kudusafaricamp.com\/it\/terms-and-conditions\/","url":"https:\/\/kudusafaricamp.com\/it\/terms-and-conditions\/","name":"Termini e Condizioni - Kudu Safari Camp","isPartOf":{"@id":"https:\/\/kudusafaricamp.com\/it\/#website"},"datePublished":"2022-03-07T04:32:20+00:00","dateModified":"2022-06-09T14:45:35+00:00","breadcrumb":{"@id":"https:\/\/kudusafaricamp.com\/it\/terms-and-conditions\/#breadcrumb"},"inLanguage":"it-IT","potentialAction":[{"@type":"ReadAction","target":["https:\/\/kudusafaricamp.com\/it\/terms-and-conditions\/"]}]},{"@type":"BreadcrumbList","@id":"https:\/\/kudusafaricamp.com\/it\/terms-and-conditions\/#breadcrumb","itemListElement":[{"@type":"ListItem","position":1,"name":"Home","item":"https:\/\/kudusafaricamp.com\/it\/"},{"@type":"ListItem","position":2,"name":"Termini e Condizioni"}]},{"@type":"WebSite","@id":"https:\/\/kudusafaricamp.com\/it\/#website","url":"https:\/\/kudusafaricamp.com\/it\/","name":"Kudu Safari Camp Tsavo East","description":"WILD LUXURY EXPERIENCE","potentialAction":[{"@type":"SearchAction","target":{"@type":"EntryPoint","urlTemplate":"https:\/\/kudusafaricamp.com\/it\/?s={search_term_string}"},"query-input":{"@type":"PropertyValueSpecification","valueRequired":true,"valueName":"search_term_string"}}],"inLanguage":"it-IT"}]}},"_links":{"self":[{"href":"https:\/\/kudusafaricamp.com\/it\/wp-json\/wp\/v2\/pages\/13085","targetHints":{"allow":["GET"]}}],"collection":[{"href":"https:\/\/kudusafaricamp.com\/it\/wp-json\/wp\/v2\/pages"}],"about":[{"href":"https:\/\/kudusafaricamp.com\/it\/wp-json\/wp\/v2\/types\/page"}],"author":[{"embeddable":true,"href":"https:\/\/kudusafaricamp.com\/it\/wp-json\/wp\/v2\/users\/1"}],"replies":[{"embeddable":true,"href":"https:\/\/kudusafaricamp.com\/it\/wp-json\/wp\/v2\/comments?post=13085"}],"version-history":[{"count":2,"href":"https:\/\/kudusafaricamp.com\/it\/wp-json\/wp\/v2\/pages\/13085\/revisions"}],"predecessor-version":[{"id":13365,"href":"https:\/\/kudusafaricamp.com\/it\/wp-json\/wp\/v2\/pages\/13085\/revisions\/13365"}],"wp:attachment":[{"href":"https:\/\/kudusafaricamp.com\/it\/wp-json\/wp\/v2\/media?parent=13085"}],"wp:term":[{"taxonomy":"folder","embeddable":true,"href":"https:\/\/kudusafaricamp.com\/it\/wp-json\/wp\/v2\/folder?post=13085"}],"curies":[{"name":"wp","href":"https:\/\/api.w.org\/{rel}","templated":true}]}}