{"id":13088,"date":"2022-03-07T04:31:49","date_gmt":"2022-03-07T04:31:49","guid":{"rendered":"https:\/\/www.kudusafaricamp.com\/cookie-policy\/"},"modified":"2023-02-03T10:40:39","modified_gmt":"2023-02-03T10:40:39","slug":"cookie-policy","status":"publish","type":"page","link":"https:\/\/kudusafaricamp.com\/it\/cookie-policy\/","title":{"rendered":"Cookie Policy"},"content":{"rendered":"\n<p>Nel corso della navigazione all\u2019interno del nostro sito, al fine di fornire all\u2019utente una navigazione pi\u00f9 agevole attraverso una migliore presentazione delle informazioni, possono essere raccolti alcuni dati attraverso dei piccoli file di testo chiamati cookie. Lei potr\u00e0 sempre richiederne la disattivazione modificando le impostazioni del browser, ma tale disattivazione potr\u00e0 rallentare o impedire l\u2019accesso ad alcune parti del sito.<br>La informiamo, in ogni caso, che oltre ai dati di navigazione sopraindicati, non verranno da noi raccolti altri dati personali, fatti ovviamente salvi quelli che saranno da Lei volontariamente forniti. Kudu Travel Ltd (di seguito, la Societ\u00e0) rispetta le disposizioni contenute nel Codice in materia di protezione dei dati personali italiano (di seguito, il Codice Privacy), cos\u00ec come modificato dal Decreto legislativo 28 maggio 2012, n. 69, in recepimento della direttiva europea 2009\/136\/CE.<br>&nbsp;<br><strong>Che cosa sono i cookie<\/strong><br>Un cookie \u00e8 un piccolo file di testo scambiato tra il sito internet visitato ed il computer che viene memorizzato su computer, tablet, smartphone, telefono cellulare e su qualunque dispositivo utilizzato per navigare in Internet, in grado di memorizzare le informazioni di navigazione dell\u2019utente e le sue preferenze. Quando si visita di nuovo lo stesso sito, il browser verifica la presenza di un cookie riconosciuto in modo da poter leggere le informazioni in esso contenute garantendo, in questo modo, una navigazione pi\u00f9 agevole per l\u2019utente.<br>I vari cookie contengono informazioni diverse e sono utilizzati per scopi differenti (esecuzione di autenticazioni informatiche, monitoraggio di sessioni, memorizzazione di informazioni su specifiche configurazioni riguardanti gli utenti che accedono al server, memorizzazione delle preferenze, ecc.).<br>Nel corso della navigazione l\u2019utente pu\u00f2 ricevere sul suo computer anche cookie inviati da siti diversi (cosiddetti di terze parti), nei quali possono risiedere alcuni elementi presenti sul sito che l\u2019utente sta visitando (ad es. immagini, mappe, suoni, specifici link a pagine di altri domini, ecc.).<br>Pi\u00f9 in generale, alcuni cookie (definiti cookie di sessione) sono memorizzati sul computer dell\u2019utente soltanto per la durata dell\u2019accesso al sito e scadono automaticamente alla chiusura del browser. Altri cookie, definiti persistenti, restano nel computer per un periodo prolungato.<br>&nbsp;<br><strong>Tipi di cookie<\/strong><br><\/p>\n\n\n\n<p>I cookie possono essere classificati in:<br><\/p>\n\n\n\n<p><strong>cookie di sessione: <\/strong>che vengono rimossi quando l\u2019utente chiude il browser e che, pertanto, hanno una durata limitata alla visita;<br><\/p>\n\n\n\n<p><strong>cookie permanenti:<\/strong> che rimangono nel dispositivo utilizzato per navigare in Internet per un tempo determinato. Questi cookie hanno date di scadenza tipiche e, pertanto, la loro durata varia a seconda del cookie utilizzato;<br>cookie proprietari e cookie di terze parti: a seconda che essi appartengano al titolare del sito web o ad una terza parte.<br>Il nostro sito utilizza le seguenti categorie di cookie: cookie strettamente necessari.<br>Questi cookie sono essenziali per il corretto funzionamento del nostro sito web e per utilizzare e\/o migliorare le varie funzioni e servizi richiesti. Senza questi cookie non sarebbe possibile gestire e ricordare, a mero titolo esemplificativo, l\u2019autenticazione dell\u2019utente, l\u2019accesso all\u2019area riservata del sito internet, il contenuto del carrello per gli acquisti online, la fatturazione elettronica, la realizzazione del processo di acquisto di un ordine.<br>Ai sensi della direttiva 2009\/136\/CE, recepita dal D.Lgs. 28 maggio 2012 n. 69, e del provvedimento del Garante per la protezione dei dati personali relativo all\u2019Individuazione delle modalit\u00e0 semplificate per l\u2019informativa e l\u2019acquisizione del consenso per l\u2019uso dei cookie dell\u20198 maggio 2014, pubblicato sulla Gazzetta Ufficiale n. 126 del 3 giugno 2014, essendo i cookie tecnici essenziali per il corretto funzionamento di un sito web possono essere utilizzati anche senza il preventivo consenso dell\u2019utente, fermo restando l\u2019obbligo di informativa ai sensi dell\u2019art. 13 del Codice privacy.<br>&nbsp;<br><strong>Cookie di analisi (cd. Analytics cookie)<\/strong><br>L\u2019utilizzo di questi cookie \u00e8 fondamentale per perfezionare l\u2019esperienza di navigazione dei nostri utenti sul sito monitorando ed analizzando il loro comportamento (ad esempio, tenendo traccia delle pagine visitate frequentemente, delle preferenze dell\u2019utente, dei prodotti gi\u00e0 visualizzati in modo tale da evitare che vengano riproposti nonch\u00e9 per valutare se la pubblicit\u00e0 pubblicata sul sito sia efficace o meno). Tali dati, essendo aggregati, non permettono di identificare personalmente l\u2019utente e, dunque, sono anonimi.<br>Il sito si avvale anche del servizio di analisi web Google Analytics fornito da Google. In particolare, Google Analytics utilizza i cookie (sia temporanei sia permanenti) al fine di raccogliere, in forma anonima, informazioni sulle modalit\u00e0 di utilizzo del nostro sito web da parte degli utenti (compresi gli indirizzi IP) che saranno trasmesse dal browser dell\u2019utente sui server di Google con sede negli Stati Uniti.<br>Ulteriori informazioni in merito al servizio Google Analytics ed alle procedure da seguire per disabilitare i cookie possono essere trovate ai seguenti collegamenti:<br>http:\/\/www.google.com\/intl\/en\/analytics\/privacyoverview.html<br>https:\/\/developers.google.com\/analytics\/devguides\/collection\/analyticsjs\/cookie-usage<br>&nbsp;<br>&nbsp;<br><strong>Cookie pubblicitari e di pubblicit\u00e0 comportamentale<\/strong><br>Questi cookie sono utilizzati dalla Societ\u00e0 per raccogliere dati sulle abitudini di navigazione e le preferenze dell\u2019utente al fine di sviluppare un profilo specifico per personalizzazioni dell\u2019offerta commerciale, per il compimento di ricerche di mercato o di vendita a distanza.<br>L\u2019utente pu\u00f2 decidere di rifiutare l\u2019utilizzo di questa categoria di cookie utilizzando lo strumento di opt-out previsto nella pagina delle impostazioni del proprio browser, oppure in base a quanto di seguito specificato.<br>&nbsp;<br>Cookie di Terze Parti e Social media cookie<br>Il nostro sito web pu\u00f2 consentire l\u2019utilizzo di cookie di terze parti che potrebbero raccogliere informazioni sugli spostamenti dell\u2019utente in Internet.<br>Inoltre, alcune pagine sul nostro sito web sono caratterizzate dalla presenza dei cd. social plugin i quali vi permettono di condividere i nostri contenuti su social media network come Facebook, Twitter, Youtube.<br>I cookie terze parti non sono sotto il nostro controllo e, pertanto, per ulteriori informazioni su come la terza Parte utilizza i cookie, si consiglia di visitare il sito web della terza Parte.<br><\/p>\n\n\n\n<p>Ulteriori informazioni sulle cookie policy adottate dai maggiori social media network, possono essere trovate cliccando sui seguenti collegamenti:<br>Facebook<br>Twitter<br>Instagram<br>Linkedin<br>Youtube<br>&nbsp;<br><strong>Revoca e consenso all\u2019utilizzo dei cookie<\/strong><br>Il consenso all\u2019utilizzo dei cookie viene prestato inizialmente cliccando sul tasto \u201cok\u201d posizionato all\u2019interno dell\u2019informativa breve\/banner iniziale o cliccando qualunque elemento della pagina web e pu\u00f2 essere revocato in ogni momento su richiesta dell\u2019utente.<br>Per consentire la disattivazione dei cookie, si possono utilizzare le impostazioni specificatamente indicate nelle linee guida del browser in uso. Ogni browser dispone di impostazioni diverse per la disattivazione dei cookie; di seguito proponiamo i collegamenti alle istruzioni di disattivazione fornite dai browser pi\u00f9 comuni:<br>Microsoft Internet Explorer;<br>Google Chrome;<br>Apple Safari;<br>Mozilla Firefox;<br>Opera.<br>&nbsp;<br><strong>Conservazione dei dati.<\/strong><br>La durata dei cookie dipende dalla loro natura: i cookie di sessione scadono quando l\u2019utente chiude il browser; i cookie persistenti hanno date di scadenza tipiche che, a meno di particolari eccezioni, non superano i 20 anni.<br>&nbsp;<br><strong>Modifiche alla cookie policy<\/strong><br>La Societ\u00e0 si riserva la facolt\u00e0 di apportare delle modifiche alla presente cookie policy. L\u2019utente \u00e8 pertanto invitato a visitare periodicamente questa pagina per essere informato su eventuali variazioni.<\/p>\n","protected":false},"excerpt":{"rendered":"<p>Nel corso della navigazione all\u2019interno del nostro sito, al fine di fornire all\u2019utente una navigazione pi\u00f9 agevole attraverso una migliore presentazione delle informazioni, possono essere raccolti alcuni dati attraverso dei piccoli file di testo chiamati cookie. Lei potr\u00e0 sempre richiederne la disattivazione modificando le impostazioni del browser, ma tale disattivazione potr\u00e0 rallentare o impedire l\u2019accesso [&hellip;]<\/p>\n","protected":false},"author":1,"featured_media":0,"parent":0,"menu_order":11,"comment_status":"closed","ping_status":"closed","template":"","meta":{"footnotes":""},"folder":[110],"class_list":["post-13088","page","type-page","status-publish","hentry"],"yoast_head":"<!-- This site is optimized with the Yoast SEO plugin v26.2 - https:\/\/yoast.com\/wordpress\/plugins\/seo\/ -->\n<title>Cookie Policy - Kudu Safari Camp - IT<\/title>\n<meta name=\"description\" content=\"Kudu Safari Camp \u00e8 un lussuoso campo tendato situato in un luogo magico e incontaminato nello Tsavo East National Park, in Kenya.\" \/>\n<meta name=\"robots\" content=\"index, follow, max-snippet:-1, max-image-preview:large, max-video-preview:-1\" \/>\n<link rel=\"canonical\" href=\"https:\/\/kudusafaricamp.com\/it\/cookie-policy\/\" \/>\n<meta property=\"og:locale\" content=\"it_IT\" \/>\n<meta property=\"og:type\" content=\"article\" \/>\n<meta property=\"og:title\" content=\"Cookie Policy - Kudu Safari Camp - IT\" \/>\n<meta property=\"og:description\" content=\"Kudu Safari Camp \u00e8 un lussuoso campo tendato situato in un luogo magico e incontaminato nello Tsavo East National Park, in Kenya.\" \/>\n<meta property=\"og:url\" content=\"https:\/\/kudusafaricamp.com\/it\/cookie-policy\/\" \/>\n<meta property=\"og:site_name\" content=\"Kudu Safari Camp\" \/>\n<meta property=\"article:modified_time\" content=\"2023-02-03T10:40:39+00:00\" \/>\n<meta name=\"twitter:card\" content=\"summary_large_image\" \/>\n<meta name=\"twitter:label1\" content=\"Tempo di lettura stimato\" \/>\n\t<meta name=\"twitter:data1\" content=\"5 minuti\" \/>\n<script type=\"application\/ld+json\" class=\"yoast-schema-graph\">{\"@context\":\"https:\/\/schema.org\",\"@graph\":[{\"@type\":\"WebPage\",\"@id\":\"https:\/\/kudusafaricamp.com\/it\/cookie-policy\/\",\"url\":\"https:\/\/kudusafaricamp.com\/it\/cookie-policy\/\",\"name\":\"Cookie Policy - Kudu Safari Camp - IT\",\"isPartOf\":{\"@id\":\"https:\/\/kudusafaricamp.com\/it\/#website\"},\"datePublished\":\"2022-03-07T04:31:49+00:00\",\"dateModified\":\"2023-02-03T10:40:39+00:00\",\"description\":\"Kudu Safari Camp \u00e8 un lussuoso campo tendato situato in un luogo magico e incontaminato nello Tsavo East National Park, in Kenya.\",\"breadcrumb\":{\"@id\":\"https:\/\/kudusafaricamp.com\/it\/cookie-policy\/#breadcrumb\"},\"inLanguage\":\"it-IT\",\"potentialAction\":[{\"@type\":\"ReadAction\",\"target\":[\"https:\/\/kudusafaricamp.com\/it\/cookie-policy\/\"]}]},{\"@type\":\"BreadcrumbList\",\"@id\":\"https:\/\/kudusafaricamp.com\/it\/cookie-policy\/#breadcrumb\",\"itemListElement\":[{\"@type\":\"ListItem\",\"position\":1,\"name\":\"Home\",\"item\":\"https:\/\/kudusafaricamp.com\/it\/\"},{\"@type\":\"ListItem\",\"position\":2,\"name\":\"Cookie Policy\"}]},{\"@type\":\"WebSite\",\"@id\":\"https:\/\/kudusafaricamp.com\/it\/#website\",\"url\":\"https:\/\/kudusafaricamp.com\/it\/\",\"name\":\"Kudu Safari Camp Tsavo East\",\"description\":\"WILD LUXURY EXPERIENCE\",\"potentialAction\":[{\"@type\":\"SearchAction\",\"target\":{\"@type\":\"EntryPoint\",\"urlTemplate\":\"https:\/\/kudusafaricamp.com\/it\/?s={search_term_string}\"},\"query-input\":{\"@type\":\"PropertyValueSpecification\",\"valueRequired\":true,\"valueName\":\"search_term_string\"}}],\"inLanguage\":\"it-IT\"}]}<\/script>\n<!-- \/ Yoast SEO plugin. -->","yoast_head_json":{"title":"Cookie Policy - Kudu Safari Camp - IT","description":"Kudu Safari Camp \u00e8 un lussuoso campo tendato situato in un luogo magico e incontaminato nello Tsavo East National Park, in Kenya.","robots":{"index":"index","follow":"follow","max-snippet":"max-snippet:-1","max-image-preview":"max-image-preview:large","max-video-preview":"max-video-preview:-1"},"canonical":"https:\/\/kudusafaricamp.com\/it\/cookie-policy\/","og_locale":"it_IT","og_type":"article","og_title":"Cookie Policy - Kudu Safari Camp - IT","og_description":"Kudu Safari Camp \u00e8 un lussuoso campo tendato situato in un luogo magico e incontaminato nello Tsavo East National Park, in Kenya.","og_url":"https:\/\/kudusafaricamp.com\/it\/cookie-policy\/","og_site_name":"Kudu Safari Camp","article_modified_time":"2023-02-03T10:40:39+00:00","twitter_card":"summary_large_image","twitter_misc":{"Tempo di lettura stimato":"5 minuti"},"schema":{"@context":"https:\/\/schema.org","@graph":[{"@type":"WebPage","@id":"https:\/\/kudusafaricamp.com\/it\/cookie-policy\/","url":"https:\/\/kudusafaricamp.com\/it\/cookie-policy\/","name":"Cookie Policy - Kudu Safari Camp - IT","isPartOf":{"@id":"https:\/\/kudusafaricamp.com\/it\/#website"},"datePublished":"2022-03-07T04:31:49+00:00","dateModified":"2023-02-03T10:40:39+00:00","description":"Kudu Safari Camp \u00e8 un lussuoso campo tendato situato in un luogo magico e incontaminato nello Tsavo East National Park, in Kenya.","breadcrumb":{"@id":"https:\/\/kudusafaricamp.com\/it\/cookie-policy\/#breadcrumb"},"inLanguage":"it-IT","potentialAction":[{"@type":"ReadAction","target":["https:\/\/kudusafaricamp.com\/it\/cookie-policy\/"]}]},{"@type":"BreadcrumbList","@id":"https:\/\/kudusafaricamp.com\/it\/cookie-policy\/#breadcrumb","itemListElement":[{"@type":"ListItem","position":1,"name":"Home","item":"https:\/\/kudusafaricamp.com\/it\/"},{"@type":"ListItem","position":2,"name":"Cookie Policy"}]},{"@type":"WebSite","@id":"https:\/\/kudusafaricamp.com\/it\/#website","url":"https:\/\/kudusafaricamp.com\/it\/","name":"Kudu Safari Camp Tsavo East","description":"WILD LUXURY EXPERIENCE","potentialAction":[{"@type":"SearchAction","target":{"@type":"EntryPoint","urlTemplate":"https:\/\/kudusafaricamp.com\/it\/?s={search_term_string}"},"query-input":{"@type":"PropertyValueSpecification","valueRequired":true,"valueName":"search_term_string"}}],"inLanguage":"it-IT"}]}},"_links":{"self":[{"href":"https:\/\/kudusafaricamp.com\/it\/wp-json\/wp\/v2\/pages\/13088","targetHints":{"allow":["GET"]}}],"collection":[{"href":"https:\/\/kudusafaricamp.com\/it\/wp-json\/wp\/v2\/pages"}],"about":[{"href":"https:\/\/kudusafaricamp.com\/it\/wp-json\/wp\/v2\/types\/page"}],"author":[{"embeddable":true,"href":"https:\/\/kudusafaricamp.com\/it\/wp-json\/wp\/v2\/users\/1"}],"replies":[{"embeddable":true,"href":"https:\/\/kudusafaricamp.com\/it\/wp-json\/wp\/v2\/comments?post=13088"}],"version-history":[{"count":3,"href":"https:\/\/kudusafaricamp.com\/it\/wp-json\/wp\/v2\/pages\/13088\/revisions"}],"predecessor-version":[{"id":14546,"href":"https:\/\/kudusafaricamp.com\/it\/wp-json\/wp\/v2\/pages\/13088\/revisions\/14546"}],"wp:attachment":[{"href":"https:\/\/kudusafaricamp.com\/it\/wp-json\/wp\/v2\/media?parent=13088"}],"wp:term":[{"taxonomy":"folder","embeddable":true,"href":"https:\/\/kudusafaricamp.com\/it\/wp-json\/wp\/v2\/folder?post=13088"}],"curies":[{"name":"wp","href":"https:\/\/api.w.org\/{rel}","templated":true}]}}