{"id":13090,"date":"2022-02-03T17:28:03","date_gmt":"2022-02-03T17:28:03","guid":{"rendered":"https:\/\/www.kudusafaricamp.com\/privacy-policy\/"},"modified":"2023-02-03T10:00:55","modified_gmt":"2023-02-03T10:00:55","slug":"privacy-policy","status":"publish","type":"page","link":"https:\/\/kudusafaricamp.com\/it\/privacy-policy\/","title":{"rendered":"Privacy Policy"},"content":{"rendered":"\n<p>Informativa sul trattamento dei dati personali ai sensi del Codice Privacy e del Regolamento Europeo in materia di privacy (GDPR) per il sito www.kuduafaricamp.com<br>Il sito www.kuduafaricamp.com \u00e8 di propriet\u00e0 di Kudu Travel Ltd (PIN &nbsp;KEP051344150N), Lamu Road Sabaki Center P.O. Box 5299, Malindi 80200 Kenya, email info@kudusafaricamp.com (di seguito, il Sito). Questa Privacy Policy \u00e8 stata progettata per comunicarLe le nostre pratiche in materia di raccolta, utilizzo e divulgazione di dati personali. Si prega di leggere attentamente la presente informativa prima di utilizzare o inviare informazioni al Sito.<br>Si informa che, ai sensi dell\u2019art. 13 del d.lgs. n. 196\/2003 (di seguito Codice Privacy) e dell\u2019art. 13 del Regolamento UE n. 2016\/679 (di seguito GDPR), recante disposizioni a tutela delle persone e di altri soggetti rispetto al trattamento dei dati personali, i dati personali forniti formeranno oggetto di trattamento nel rispetto della normativa richiamata e degli obblighi di riservatezza.<br>Tutti i contenuti di questo Sito sono di propriet\u00e0 e\/o controllati da Kudu Travel Ltd e sono protetti dalle leggi internazionali sul copyright.<br>La Societ\u00e0 potrebbe occasionalmente aggiornare la presente informativa e, pertanto, Le consiglia di visitare questa pagina regolarmente per conoscerne le ultime modifiche.<br>&nbsp;<\/p>\n\n\n\n<ol class=\"wp-block-list\">\n<li>Titolare del trattamento dei dati<br>Il titolare del trattamento dei dati personali \u00e8 Kudu Travel Ltd (PIN &nbsp;KEP051344150N), Lamu Road Sabaki Center P.O. Box 5299, Malindi 80200 Kenya, email info@kudusafaricamp.com (di seguito, il Titolare).<br>L\u2019elenco aggiornato dei responsabili e degli incaricati al trattamento \u00e8 custodito presso la sede legale del Titolare del trattamento.<br>&nbsp;<\/li>\n\n\n\n<li>Oggetto del trattamento<br>Il Titolare tratta i dati personali, identificativi (ad esempio, nome, cognome, ragione sociale, indirizzo, telefono, e-mail, riferimenti bancari e di pagamento)\u2013 in seguito, dati personali o anche dati) da Lei comunicati in occasione della conclusione di contratti per i servizi del Titolare.<br>I dati da Lei forniti potranno essere utilizzati per finalit\u00e0 di marketing e\/o promozionali solo previo Suo specifico consenso. In ogni caso, si precisa che un eventuale rifiuto nella prestazione del consenso al trattamento dei dati per finalit\u00e0 promozionali e di marketing non incide sull\u2019erogazione dei servizi n\u00e9 sull\u2019utilizzo del Sito.<br>&nbsp;<\/li>\n\n\n\n<li>Tipologie di dati trattati<br>Kudu Travel Ltd, nella sua qualit\u00e0 di titolare del Sito www.kuduafaricamp.com, al fine di garantire un\u2019agevole e corretta fruizione dei servizi offerti dal medesimo, La informa che saranno trattati dati personali cos\u00ec come di seguito specificato. In particolare, i dati trattati sono:<br>&nbsp;<br>Dati di navigazione<br>&nbsp;<br>I sistemi informatici e le procedure software preposte al funzionamento di questo Sito acquisiscono, nel corso del loro normale esercizio, alcuni dati personali la cui trasmissione \u00e8 implicita nell\u2019uso dei protocolli di comunicazione di Internet. Si tratta di informazioni che non sono raccolte per essere associate a interessati identificati, ma che per loro stessa natura potrebbero, attraverso elaborazioni ed associazioni con altri dati detenuti da terzi, permettere di identificare gli utenti. In questa categoria di dati rientrano gli indirizzi IP o i nomi a dominio dei computer utilizzati dagli utenti che si connettono al Sito, gli indirizzi in notazione URI (Uniform Resource Identifier) delle risorse richieste, l\u2019orario della richiesta, il metodo utilizzato nel sottoporre la richiesta al server, la dimensione del file ottenuto in risposta, il codice numerico indicante lo stato della risposta data dal server (buon fine, errore, ecc.) ed altri parametri relativi al sistema operativo e all\u2019ambiente informatico dell\u2019utente.<br>&nbsp;<br>Dati forniti volontariamente dall\u2019utente<br>&nbsp;<br>Ai sensi del Codice Privacy nonch\u00e9 del GDPR, La informiamo che i dati personali da Lei volontariamente messi a disposizione di Kudu Travel Ltd saranno oggetto di trattamento nel rispetto della vigente normativa in materia protezione dei dati personali e, comunque, dei principi di riservatezza cui \u00e8 ispirata l\u2019attivit\u00e0 di Kudu Travel Ltd e per i soli fini indicati nella presente informativa.<br>&nbsp;<\/li>\n\n\n\n<li>Finalit\u00e0 del trattamento<br>&nbsp;<br>I Suoi dati personali sono trattati:<br>A. senza il Suo consenso espresso (art. 24 lett. a), b), c) Codice Privacy e art. 6 lett. b), e) GDPR), per le seguenti Finalit\u00e0 di Servizio:<br>-concludere i contratti per i servizi del Titolare;<br>-adempiere agli obblighi precontrattuali, contrattuali e fiscali derivanti da rapporti con Lei in essere;<br>-adempiere agli obblighi previsti dalla legge, da un regolamento, dalla normativa comunitaria o da un ordine dell\u2019Autorit\u00e0 (come ad esempio in materia di antiriciclaggio);<br>-esercitare i diritti del Titolare, ad esempio il diritto di difesa in giudizio;<br>-consentire all\u2019utente la fruizione del Sito.<br>B. Solo previo Suo specifico e distinto consenso (artt. 23 e 130 Codice Privacy e art. 7 GDPR), per le seguenti Finalit\u00e0 di Marketing:<br>inviarLe via e-mail, posta e\/o sms e\/o contatti telefonici, newsletter, comunicazioni commerciali e\/o materiale pubblicitario su prodotti o servizi offerti dal Titolare e rilevazione del grado di soddisfazione sulla qualit\u00e0 dei servizi;<br>inviarLe via e-mail, posta e\/o sms e\/o contatti telefonici comunicazioni commerciali e\/o promozionali di soggetti terzi (ad esempio, business partner, compagnie assicurative, etc.).<br>Per le finalit\u00e0 di cui all\u2019art.4B, la prestazione del consenso \u00e8 facoltativa e non incide sulla fruizione del Sito n\u00e9 dei servizi erogati da Kudu Travel Ltd. Inoltre, con riferimento alla finalit\u00e0 di marketing diretto, l\u2019interessato ha il diritto, in qualsiasi momento e gratuitamente, di opporsi a tale trattamento, sia con riguardo a quello iniziale o ulteriore, compresa la profilazione nella misura in cui sia connessa a tale marketing diretto ai sensi dell\u2019art. 21 GDPR.<br>Qualora l\u2019interessato si opponga al trattamento per finalit\u00e0 di marketing diretto, i dati personali non sono pi\u00f9 oggetto di trattamento per tali finalit\u00e0<br>&nbsp;<\/li>\n\n\n\n<li>Modalit\u00e0 di trattamento<br>&nbsp;<br>I dati personali sono trattati con idonei strumenti cartacei, elettronici e\/o telematici, con logiche strettamente correlate alle finalit\u00e0 di cui sopra e, comunque, in modo tale da garantire la sicurezza e la riservatezza dei dati stessi. Specifiche misure di sicurezza sono osservate per prevenire la perdita dei dati, usi illeciti o non corretti e accessi non autorizzati.<br>I dati personali oggetto di trattamento sono: (i) trattati in modo lecito e secondo correttezza; (ii) raccolti e registrati per le finalit\u00e0 di cui al precedente paragrafo; (iii) esatti e, se necessario, aggiornati; (iv) conservati in modo da consentire l\u2019identificazione dell\u2019interessato per un periodo non superiore a quello necessario agli scopi per i quali essi sono stati raccolti o successivamente trattati.<br>Il Titolare tratter\u00e0 i dati personali per il tempo necessario per adempiere alle finalit\u00e0 di cui sopra e comunque per non oltre 10 anni dalla cessazione del rapporto.<br>&nbsp;<\/li>\n\n\n\n<li>Accesso ai dati<br>&nbsp;<br>I Suoi dati potranno essere resi accessibili per le finalit\u00e0 di cui sopra:<br>\u2013 a dipendenti e collaboratori del Titolare in Italia e all\u2019estero, nella loro qualit\u00e0 di incaricati e\/o responsabili interni del trattamento e\/o amministratori di sistema;<br>\u2013 a societ\u00e0 terze o altri soggetti (a titolo indicativo, istituti di credito, studi professionali, consulenti, societ\u00e0 di assicurazione per la prestazione di servizi assicurativi, etc.) che svolgono attivit\u00e0 in outsourcing per conto del Titolare, nella loro qualit\u00e0 di responsabili esterni del trattamento. La lista dei responsabili esterni del trattamento \u00e8 conservata presso la sede della societ\u00e0 ed \u00e8 consultabile su specifica richiesta.<br>La lista dei responsabili ed incaricati al trattamento dei dati personali \u00e8 disponibile presso la societ\u00e0.<br>&nbsp;<\/li>\n\n\n\n<li>Diritto di accesso dell\u2019interessato<br>&nbsp;<br>L\u2019interessato ha il diritto di ottenere dal titolare del trattamento la conferma che sia o meno in corso un trattamento di dati personali che lo riguardano e in tal caso, di ottenere l\u2019accesso ai dati personali e alle seguenti informazioni:<br>a) le finalit\u00e0 del trattamento;<\/li>\n\n\n\n<li>b) le categorie di dati personali in questione;<\/li>\n\n\n\n<li>c) i destinatari o le categorie di destinatari a cui i dati personali sono stati o saranno comunicati, in particolare se destinatari di paesi terzi o organizzazioni internazionali;<\/li>\n\n\n\n<li>d) quando possibile, il periodo di conservazione dei dati personali previsto oppure, se non \u00e8 possibile, i criteri utilizzati per determinare tale periodo;<\/li>\n\n\n\n<li>e) l\u2019esistenza del diritto dell\u2019interessato di chiedere al titolare del trattamento la rettifica o la cancellazione dei dati personali o la limitazione del trattamento dei dati personali che lo riguardano o di opporsi al loro trattamento;<\/li>\n\n\n\n<li>f) il diritto di proporre reclamo a un\u2019autorit\u00e0 di controllo;<\/li>\n\n\n\n<li>g) qualora i dati non siano raccolti presso l\u2019interessato, tutte le informazioni disponibili sulla loro origine;<\/li>\n\n\n\n<li>h) l\u2019esistenza di un processo decisionale automatizzato, compresa la profilazione di cui all\u2019articolo 22, paragrafi 1 e 4, e, almeno in tali casi, informazioni significative sulla logica utilizzata, nonch\u00e9 l\u2019importanza e le conseguenze previste di tale trattamento per l\u2019interessato.<br>Il titolare del trattamento fornisce una copia dei dati personali oggetto di trattamento. In caso di ulteriori copie richieste dall\u2019interessato, il titolare del trattamento pu\u00f2 addebitare un contributo spese ragionevole basato sui costi amministrativi, fissato in 50,00 euro.<br>Se l\u2019interessato presenta la richiesta mediante mezzi elettronici, e salvo indicazione diversa dell\u2019interessato, le informazioni sono fornite in un formato elettronico di uso comune.<br>Il diritto di ottenere una copia, secondo quanto stabilito nel presente articolo, non deve ledere i diritti e le libert\u00e0 altrui.<br>&nbsp;<\/li>\n\n\n\n<li>Comunicazione dei dati<br>&nbsp;<br>Senza la necessit\u00e0 di un espresso consenso (ex art. 24 lett. a), b), d) Codice Privacy e art. 6 lett. b) e c) GDPR), il Titolare potr\u00e0 comunicare i Suoi dati per le finalit\u00e0 di cui all\u2019art. 4.A) a Organismi di vigilanza (quali IVASS), Autorit\u00e0 giudiziarie, a societ\u00e0 di assicurazione per la prestazione di servizi assicurativi, nonch\u00e9 a quei soggetti ai quali la comunicazione sia obbligatoria per legge per l\u2019espletamento delle finalit\u00e0 dette. Detti soggetti tratteranno i dati nella loro qualit\u00e0 di autonomi titolari del trattamento.<br>I Suoi dati non saranno diffusi.<br>&nbsp;<\/li>\n\n\n\n<li>Trasferimento dati<br>&nbsp;<br>I dati personali sono conservati su server ubicati in Italia. Resta in ogni caso inteso che il Titolare, ove si rendesse necessario, avr\u00e0 facolt\u00e0 di spostare i server anche extra-UE. In tal caso, il Titolare assicura sin d\u2019ora che il trasferimento dei dati extra-UE avverr\u00e0 in conformit\u00e0 alle disposizioni di legge applicabili, previa stipula delle clausole contrattuali standard previste dalla Commissione Europea.<br>&nbsp;<\/li>\n\n\n\n<li>Conferimento dati e conseguenze di un eventuale rifiuto<br>&nbsp;<br>Il conferimento dei suoi dati \u00e8 facoltativo. Tuttavia, un Suo eventuale rifiuto e\/o conferimento di informazioni inesatte e\/o incomplete potrebbe comportare l\u2019impossibilit\u00e0 nella fruizione del Sito e dei servizi offerti. Resta inteso che \u00e8 sempre facoltativo il consenso al trattamento dei dati personali per finalit\u00e0 di marketing e\/o promozionali.<br>&nbsp;<\/li>\n\n\n\n<li>Link ad altri siti web<br>&nbsp;<br>Questo Sito pu\u00f2 contenere link o riferimenti ad altri siti web. Si prega di essere consapevoli del fatto che noi non controlliamo altri siti web e che, in ogni caso, la presente Privacy Policy non si applica a quei siti web. Vi invitiamo a leggere l\u2019informativa sulla privacy di ogni Sito web visitato.<br>&nbsp;<\/li>\n\n\n\n<li>Diritti dell\u2019interessato<br>&nbsp;<br>Nella Sua qualit\u00e0 di interessato, ha i diritti di cui all\u2019art. 7 Codice Privacy e art. 15 e ss.GDPR e precisamente i diritti di:<\/li>\n\n\n\n<li>i. ottenere la conferma dell\u2019esistenza o meno di dati personali che La riguardano, anche se non ancora registrati, e la loro comunicazione in forma intelligibile;<\/li>\n\n\n\n<li>ii. ottenere l\u2019indicazione:<\/li>\n\n\n\n<li>a) dell\u2019origine dei dati personali;<\/li>\n\n\n\n<li>b) delle finalit\u00e0 e modalit\u00e0 del trattamento;<\/li>\n\n\n\n<li>c) della logica applicata in caso di trattamento effettuato con l\u2019ausilio di strumenti elettronici;<\/li>\n\n\n\n<li>d) degli estremi identificativi del titolare, dei responsabili e del rappresentante designato ai sensi dell\u2019art. 5, comma 2 Codice Privacy e art. 3, comma 1, GDPR;<\/li>\n\n\n\n<li>e) dei soggetti o delle categorie di soggetti ai quali i dati personali possono essere comunicati o che possono venirne a conoscenza in qualit\u00e0 di rappresentante designato nel territorio dello Stato, di responsabili o incaricati;<br>iii. ottenere:<\/li>\n\n\n\n<li>a) l\u2019aggiornamento, la rettificazione ovvero, quando vi ha interesse, l\u2019integrazione dei dati;<\/li>\n\n\n\n<li>b) la cancellazione, la trasformazione in forma anonima o il blocco dei dati trattati in violazione di legge, compresi quelli di cui non \u00e8 necessaria la conservazione in relazione agli scopi per i quali i dati sono stati raccolti o successivamente trattati;<\/li>\n\n\n\n<li>c) l\u2019attestazione che le operazioni di cui alle lettere a) e b) sono state portate a conoscenza, anche per quanto riguarda il loro contenuto, di coloro ai quali i dati sono stati comunicati o diffusi, eccettuato il caso in cui tale adempimento si rivela impossibile o comporta un impiego di mezzi manifestamente sproporzionato rispetto al diritto tutelato;<br>iv. opporsi, in tutto o in parte:<br>a) per motivi legittimi al trattamento dei dati personali che La riguardano, ancorch\u00e9 pertinenti allo scopo della raccolta;<\/li>\n\n\n\n<li>b) al trattamento di dati personali che La riguardano a fini di invio di materiale pubblicitario o di vendita diretta o per il compimento di ricerche di mercato o di comunicazione commerciale, mediante l\u2019uso di sistemi automatizzati di chiamata senza l\u2019intervento di un operatore mediante e-mail e\/o mediante modalit\u00e0 di marketing tradizionali mediante telefono e\/o posta cartacea. Si fa presente che il diritto di opposizione dell\u2019interessato, esposto al precedente punto b), per finalit\u00e0 di marketing diretto mediante modalit\u00e0 automatizzate si estende a quelle tradizionali e che comunque resta salva la possibilit\u00e0 per l\u2019interessato di esercitare il diritto di opposizione anche solo in parte. Pertanto, l\u2019interessato pu\u00f2 decidere di ricevere solo comunicazioni mediante modalit\u00e0 tradizionali ovvero solo comunicazioni automatizzate oppure nessuna delle due tipologie di comunicazione.<br>Ove applicabili, ha altres\u00ec i diritti di cui agli artt. 16-21 GDPR (Diritto di rettifica, diritto all\u2019oblio, diritto di limitazione di trattamento, diritto alla portabilit\u00e0 dei dati, diritto di opposizione), nonch\u00e9 il diritto di reclamo all\u2019Autorit\u00e0 Garante.<br>&nbsp;<\/li>\n\n\n\n<li>Comunicazioni, suggerimenti e reclami<br>&nbsp;<br>Per eventuali comunicazioni, suggerimenti o reclami relativi alla presente Policy Privacy nonch\u00e9 per l\u2019esercizio dei diritti di cui all\u2019art. 7 del D.lgs. 30 giugno 2003 n. 196nonch\u00e9 di cui all\u2019art. 15 GDPR, La invitiamo a contattarci al seguente indirizzo e-mail: info@kudusafaricamp.com<br>&nbsp;<\/li>\n\n\n\n<li>Acquisizione consenso cookie<br>&nbsp;<br>Per ottenere ulteriori informazioni circa le finalit\u00e0 e le modalit\u00e0 di utilizzo dei cookies installati dal Sito <a href=\"https:\/\/kudusafaricamp.com\/it\/cookie-policy\/\" target=\"_blank\" rel=\"noreferrer noopener\">clicca qu<\/a>i.<\/li>\n<\/ol>\n","protected":false},"excerpt":{"rendered":"<p>Informativa sul trattamento dei dati personali ai sensi del Codice Privacy e del Regolamento Europeo in materia di privacy (GDPR) per il sito www.kuduafaricamp.comIl sito www.kuduafaricamp.com \u00e8 di propriet\u00e0 di Kudu Travel Ltd (PIN &nbsp;KEP051344150N), Lamu Road Sabaki Center P.O. Box 5299, Malindi 80200 Kenya, email info@kudusafaricamp.com (di seguito, il Sito). Questa Privacy Policy \u00e8 [&hellip;]<\/p>\n","protected":false},"author":1,"featured_media":0,"parent":0,"menu_order":10,"comment_status":"closed","ping_status":"closed","template":"","meta":{"footnotes":""},"folder":[110],"class_list":["post-13090","page","type-page","status-publish","hentry"],"yoast_head":"<!-- This site is optimized with the Yoast SEO plugin v26.2 - https:\/\/yoast.com\/wordpress\/plugins\/seo\/ -->\n<title>Privacy Policy - Kudu Safari Camp - IT<\/title>\n<meta name=\"description\" content=\"Kudu Safari Camp \u00e8 un lussuoso campo tendato situato in un luogo magico e incontaminato nello Tsavo East National Park, in Kenya.\" \/>\n<meta name=\"robots\" content=\"index, follow, max-snippet:-1, max-image-preview:large, max-video-preview:-1\" \/>\n<link rel=\"canonical\" href=\"https:\/\/kudusafaricamp.com\/it\/privacy-policy\/\" \/>\n<meta property=\"og:locale\" content=\"it_IT\" \/>\n<meta property=\"og:type\" content=\"article\" \/>\n<meta property=\"og:title\" content=\"Privacy Policy - Kudu Safari Camp - IT\" \/>\n<meta property=\"og:description\" content=\"Kudu Safari Camp \u00e8 un lussuoso campo tendato situato in un luogo magico e incontaminato nello Tsavo East National Park, in Kenya.\" \/>\n<meta property=\"og:url\" content=\"https:\/\/kudusafaricamp.com\/it\/privacy-policy\/\" \/>\n<meta property=\"og:site_name\" content=\"Kudu Safari Camp\" \/>\n<meta property=\"article:modified_time\" content=\"2023-02-03T10:00:55+00:00\" \/>\n<meta name=\"twitter:card\" content=\"summary_large_image\" \/>\n<meta name=\"twitter:label1\" content=\"Tempo di lettura stimato\" \/>\n\t<meta name=\"twitter:data1\" content=\"10 minuti\" \/>\n<script type=\"application\/ld+json\" class=\"yoast-schema-graph\">{\"@context\":\"https:\/\/schema.org\",\"@graph\":[{\"@type\":\"WebPage\",\"@id\":\"https:\/\/kudusafaricamp.com\/it\/privacy-policy\/\",\"url\":\"https:\/\/kudusafaricamp.com\/it\/privacy-policy\/\",\"name\":\"Privacy Policy - Kudu Safari Camp - IT\",\"isPartOf\":{\"@id\":\"https:\/\/kudusafaricamp.com\/it\/#website\"},\"datePublished\":\"2022-02-03T17:28:03+00:00\",\"dateModified\":\"2023-02-03T10:00:55+00:00\",\"description\":\"Kudu Safari Camp \u00e8 un lussuoso campo tendato situato in un luogo magico e incontaminato nello Tsavo East National Park, in Kenya.\",\"breadcrumb\":{\"@id\":\"https:\/\/kudusafaricamp.com\/it\/privacy-policy\/#breadcrumb\"},\"inLanguage\":\"it-IT\",\"potentialAction\":[{\"@type\":\"ReadAction\",\"target\":[\"https:\/\/kudusafaricamp.com\/it\/privacy-policy\/\"]}]},{\"@type\":\"BreadcrumbList\",\"@id\":\"https:\/\/kudusafaricamp.com\/it\/privacy-policy\/#breadcrumb\",\"itemListElement\":[{\"@type\":\"ListItem\",\"position\":1,\"name\":\"Home\",\"item\":\"https:\/\/kudusafaricamp.com\/it\/\"},{\"@type\":\"ListItem\",\"position\":2,\"name\":\"Privacy Policy\"}]},{\"@type\":\"WebSite\",\"@id\":\"https:\/\/kudusafaricamp.com\/it\/#website\",\"url\":\"https:\/\/kudusafaricamp.com\/it\/\",\"name\":\"Kudu Safari Camp Tsavo East\",\"description\":\"WILD LUXURY EXPERIENCE\",\"potentialAction\":[{\"@type\":\"SearchAction\",\"target\":{\"@type\":\"EntryPoint\",\"urlTemplate\":\"https:\/\/kudusafaricamp.com\/it\/?s={search_term_string}\"},\"query-input\":{\"@type\":\"PropertyValueSpecification\",\"valueRequired\":true,\"valueName\":\"search_term_string\"}}],\"inLanguage\":\"it-IT\"}]}<\/script>\n<!-- \/ Yoast SEO plugin. -->","yoast_head_json":{"title":"Privacy Policy - Kudu Safari Camp - IT","description":"Kudu Safari Camp \u00e8 un lussuoso campo tendato situato in un luogo magico e incontaminato nello Tsavo East National Park, in Kenya.","robots":{"index":"index","follow":"follow","max-snippet":"max-snippet:-1","max-image-preview":"max-image-preview:large","max-video-preview":"max-video-preview:-1"},"canonical":"https:\/\/kudusafaricamp.com\/it\/privacy-policy\/","og_locale":"it_IT","og_type":"article","og_title":"Privacy Policy - Kudu Safari Camp - IT","og_description":"Kudu Safari Camp \u00e8 un lussuoso campo tendato situato in un luogo magico e incontaminato nello Tsavo East National Park, in Kenya.","og_url":"https:\/\/kudusafaricamp.com\/it\/privacy-policy\/","og_site_name":"Kudu Safari Camp","article_modified_time":"2023-02-03T10:00:55+00:00","twitter_card":"summary_large_image","twitter_misc":{"Tempo di lettura stimato":"10 minuti"},"schema":{"@context":"https:\/\/schema.org","@graph":[{"@type":"WebPage","@id":"https:\/\/kudusafaricamp.com\/it\/privacy-policy\/","url":"https:\/\/kudusafaricamp.com\/it\/privacy-policy\/","name":"Privacy Policy - Kudu Safari Camp - IT","isPartOf":{"@id":"https:\/\/kudusafaricamp.com\/it\/#website"},"datePublished":"2022-02-03T17:28:03+00:00","dateModified":"2023-02-03T10:00:55+00:00","description":"Kudu Safari Camp \u00e8 un lussuoso campo tendato situato in un luogo magico e incontaminato nello Tsavo East National Park, in Kenya.","breadcrumb":{"@id":"https:\/\/kudusafaricamp.com\/it\/privacy-policy\/#breadcrumb"},"inLanguage":"it-IT","potentialAction":[{"@type":"ReadAction","target":["https:\/\/kudusafaricamp.com\/it\/privacy-policy\/"]}]},{"@type":"BreadcrumbList","@id":"https:\/\/kudusafaricamp.com\/it\/privacy-policy\/#breadcrumb","itemListElement":[{"@type":"ListItem","position":1,"name":"Home","item":"https:\/\/kudusafaricamp.com\/it\/"},{"@type":"ListItem","position":2,"name":"Privacy Policy"}]},{"@type":"WebSite","@id":"https:\/\/kudusafaricamp.com\/it\/#website","url":"https:\/\/kudusafaricamp.com\/it\/","name":"Kudu Safari Camp Tsavo East","description":"WILD LUXURY EXPERIENCE","potentialAction":[{"@type":"SearchAction","target":{"@type":"EntryPoint","urlTemplate":"https:\/\/kudusafaricamp.com\/it\/?s={search_term_string}"},"query-input":{"@type":"PropertyValueSpecification","valueRequired":true,"valueName":"search_term_string"}}],"inLanguage":"it-IT"}]}},"_links":{"self":[{"href":"https:\/\/kudusafaricamp.com\/it\/wp-json\/wp\/v2\/pages\/13090","targetHints":{"allow":["GET"]}}],"collection":[{"href":"https:\/\/kudusafaricamp.com\/it\/wp-json\/wp\/v2\/pages"}],"about":[{"href":"https:\/\/kudusafaricamp.com\/it\/wp-json\/wp\/v2\/types\/page"}],"author":[{"embeddable":true,"href":"https:\/\/kudusafaricamp.com\/it\/wp-json\/wp\/v2\/users\/1"}],"replies":[{"embeddable":true,"href":"https:\/\/kudusafaricamp.com\/it\/wp-json\/wp\/v2\/comments?post=13090"}],"version-history":[{"count":3,"href":"https:\/\/kudusafaricamp.com\/it\/wp-json\/wp\/v2\/pages\/13090\/revisions"}],"predecessor-version":[{"id":14548,"href":"https:\/\/kudusafaricamp.com\/it\/wp-json\/wp\/v2\/pages\/13090\/revisions\/14548"}],"wp:attachment":[{"href":"https:\/\/kudusafaricamp.com\/it\/wp-json\/wp\/v2\/media?parent=13090"}],"wp:term":[{"taxonomy":"folder","embeddable":true,"href":"https:\/\/kudusafaricamp.com\/it\/wp-json\/wp\/v2\/folder?post=13090"}],"curies":[{"name":"wp","href":"https:\/\/api.w.org\/{rel}","templated":true}]}}