{"id":13675,"date":"2022-06-22T11:17:53","date_gmt":"2022-06-22T10:17:53","guid":{"rendered":"https:\/\/www.kudusafaricamp.com\/?page_id=13675"},"modified":"2023-02-03T10:54:09","modified_gmt":"2023-02-03T10:54:09","slug":"storia-kudu-safari-camp","status":"publish","type":"page","link":"https:\/\/kudusafaricamp.com\/it\/storia-kudu-safari-camp\/","title":{"rendered":"About Kudu Safari Camp"},"content":{"rendered":"\t\t<div data-elementor-type=\"wp-page\" data-elementor-id=\"13675\" class=\"elementor elementor-13675\">\n\t\t\t\t\t\t\t\t\t<section class=\"elementor-section elementor-top-section elementor-element elementor-element-269c446 elementor-section-full_width elementor-section-height-default elementor-section-height-default qodef-elementor-content-no\" data-id=\"269c446\" data-element_type=\"section\">\n\t\t\t\t\t\t<div class=\"elementor-container elementor-column-gap-default\">\n\t\t\t\t\t<div class=\"elementor-column elementor-col-100 elementor-top-column elementor-element elementor-element-429e7668\" data-id=\"429e7668\" data-element_type=\"column\">\n\t\t\t<div class=\"elementor-widget-wrap elementor-element-populated\">\n\t\t\t\t\t\t\t\t<div class=\"elementor-element elementor-element-2134725d elementor-widget elementor-widget-augustine_core_section_title\" data-id=\"2134725d\" data-element_type=\"widget\" data-widget_type=\"augustine_core_section_title.default\">\n\t\t\t\t<div class=\"elementor-widget-container\">\n\t\t\t<div class=\"qodef-shortcode qodef-m  qodef-section-title qodef-alignment--left  qodef-title-appear qodef-title-alt-appear  \">\n\t\t\t<p class=\"qodef-m-subtitle\" >Kudu Safari Camp - Chi Siamo<\/p>\n\t\t<h1 class=\"qodef-m-title\" >\n\t\t\t\t\tChi Siamo\t\t\t<\/h1>\n\t\t<\/div>\t\t<\/div>\n\t\t\t\t<\/div>\n\t\t\t\t\t<\/div>\n\t\t<\/div>\n\t\t\t\t\t\t\t<\/div>\n\t\t<\/section>\n\t\t\t\t<section class=\"elementor-section elementor-top-section elementor-element elementor-element-bda2650 elementor-section-boxed elementor-section-height-default elementor-section-height-default qodef-elementor-content-no\" data-id=\"bda2650\" data-element_type=\"section\">\n\t\t\t\t\t\t<div class=\"elementor-container elementor-column-gap-no\">\n\t\t\t\t\t<div class=\"elementor-column elementor-col-100 elementor-top-column elementor-element elementor-element-172622e\" data-id=\"172622e\" data-element_type=\"column\">\n\t\t\t<div class=\"elementor-widget-wrap elementor-element-populated\">\n\t\t\t\t\t\t\t\t<div class=\"elementor-element elementor-element-0f9bdf1 elementor-widget elementor-widget-spacer\" data-id=\"0f9bdf1\" data-element_type=\"widget\" data-widget_type=\"spacer.default\">\n\t\t\t\t<div class=\"elementor-widget-container\">\n\t\t\t<style>\/*! elementor - v3.6.6 - 08-06-2022 *\/\n.e-container.e-container--row .elementor-spacer-inner{width:var(--spacer-size)}.e-container.e-container--column .elementor-spacer-inner,.elementor-column .elementor-spacer-inner{height:var(--spacer-size)}<\/style>\t\t<div class=\"elementor-spacer\">\n\t\t\t<div class=\"elementor-spacer-inner\"><\/div>\n\t\t<\/div>\n\t\t\t\t<\/div>\n\t\t\t\t<\/div>\n\t\t\t\t\t<\/div>\n\t\t<\/div>\n\t\t\t\t\t\t\t<\/div>\n\t\t<\/section>\n\t\t\t\t<section class=\"elementor-section elementor-top-section elementor-element elementor-element-7e9a6a2 elementor-section-boxed elementor-section-height-default elementor-section-height-default qodef-elementor-content-no\" data-id=\"7e9a6a2\" data-element_type=\"section\">\n\t\t\t\t\t\t<div class=\"elementor-container elementor-column-gap-no\">\n\t\t\t\t\t<div class=\"elementor-column elementor-col-50 elementor-top-column elementor-element elementor-element-90a20a6\" data-id=\"90a20a6\" data-element_type=\"column\">\n\t\t\t<div class=\"elementor-widget-wrap elementor-element-populated\">\n\t\t\t\t\t\t\t\t<div class=\"elementor-element elementor-element-3d771e7 elementor-hidden-mobile elementor-widget elementor-widget-spacer\" data-id=\"3d771e7\" data-element_type=\"widget\" data-widget_type=\"spacer.default\">\n\t\t\t\t<div class=\"elementor-widget-container\">\n\t\t\t\t\t<div class=\"elementor-spacer\">\n\t\t\t<div class=\"elementor-spacer-inner\"><\/div>\n\t\t<\/div>\n\t\t\t\t<\/div>\n\t\t\t\t<\/div>\n\t\t\t\t<div class=\"elementor-element elementor-element-9f4f546 elementor-widget elementor-widget-qi_addons_for_elementor_blockquote\" data-id=\"9f4f546\" data-element_type=\"widget\" data-widget_type=\"qi_addons_for_elementor_blockquote.default\">\n\t\t\t\t<div class=\"elementor-widget-container\">\n\t\t\t<div class=\"qodef-shortcode qodef-m  qodef-qi-blockquote qodef-layout--inline qodef--icon-pack\">\n\t\t\t<h5 class=\"qodef-m-text\">\n\t\t\t\t\t\t\t<span class=\"qodef-m-icon\">\n\t\t\t\t\t<i aria-hidden=\"true\" class=\"fas fa-quote-right\"><\/i>\t\t\t\t<\/span>\n\t\t\t\t\t\tSolo chi l\u2019ha gi\u00e0 vissuto pu\u00f2 raccontarti la straordinaria esperienza di un safari in Africa. Immagina un fiume che scorre lento, disegnando un\u2019ansa ai piedi di una collina da cui puoi ammirare il sole che sorge al mattino e sdraiati gi\u00f9 la sera sulla savana infinita, immagina gli animali liberi e selvaggi, la natura incontrastata, i colori del tramonto, immagina l\u2019Africa\u2026\t\t<\/h5>\n\t<\/div>\n\t\t<\/div>\n\t\t\t\t<\/div>\n\t\t\t\t<div class=\"elementor-element elementor-element-649afdb elementor-hidden-desktop elementor-widget elementor-widget-spacer\" data-id=\"649afdb\" data-element_type=\"widget\" data-widget_type=\"spacer.default\">\n\t\t\t\t<div class=\"elementor-widget-container\">\n\t\t\t\t\t<div class=\"elementor-spacer\">\n\t\t\t<div class=\"elementor-spacer-inner\"><\/div>\n\t\t<\/div>\n\t\t\t\t<\/div>\n\t\t\t\t<\/div>\n\t\t\t\t\t<\/div>\n\t\t<\/div>\n\t\t\t\t<div class=\"elementor-column elementor-col-50 elementor-top-column elementor-element elementor-element-834cc2b\" data-id=\"834cc2b\" data-element_type=\"column\">\n\t\t\t<div class=\"elementor-widget-wrap elementor-element-populated\">\n\t\t\t\t\t\t\t\t<div class=\"elementor-element elementor-element-b0bfe79 elementor-widget elementor-widget-image\" data-id=\"b0bfe79\" data-element_type=\"widget\" data-widget_type=\"image.default\">\n\t\t\t\t<div class=\"elementor-widget-container\">\n\t\t\t<style>\/*! elementor - v3.6.6 - 08-06-2022 *\/\n.elementor-widget-image{text-align:center}.elementor-widget-image a{display:inline-block}.elementor-widget-image a img[src$=\".svg\"]{width:48px}.elementor-widget-image img{vertical-align:middle;display:inline-block}<\/style>\t\t\t\t\t\t\t\t\t\t\t\t<img decoding=\"async\" width=\"1024\" height=\"683\" src=\"https:\/\/kudusafaricamp.com\/wp-content\/uploads\/2022\/06\/randy-fath-epf1tdtIIkM-unsplash1-1024x683.jpg\" class=\"attachment-large size-large\" alt=\"Kudu Safari Camp\" srcset=\"https:\/\/kudusafaricamp.com\/wp-content\/uploads\/2022\/06\/randy-fath-epf1tdtIIkM-unsplash1-1024x683.jpg 1024w, https:\/\/kudusafaricamp.com\/wp-content\/uploads\/2022\/06\/randy-fath-epf1tdtIIkM-unsplash1-300x200.jpg 300w, https:\/\/kudusafaricamp.com\/wp-content\/uploads\/2022\/06\/randy-fath-epf1tdtIIkM-unsplash1-768x512.jpg 768w, https:\/\/kudusafaricamp.com\/wp-content\/uploads\/2022\/06\/randy-fath-epf1tdtIIkM-unsplash1-1536x1024.jpg 1536w, https:\/\/kudusafaricamp.com\/wp-content\/uploads\/2022\/06\/randy-fath-epf1tdtIIkM-unsplash1-2048x1365.jpg 2048w, https:\/\/kudusafaricamp.com\/wp-content\/uploads\/2022\/06\/randy-fath-epf1tdtIIkM-unsplash1-600x400.jpg 600w\" sizes=\"(max-width: 1024px) 100vw, 1024px\" \/>\t\t\t\t\t\t\t\t\t\t\t\t\t\t\t<\/div>\n\t\t\t\t<\/div>\n\t\t\t\t\t<\/div>\n\t\t<\/div>\n\t\t\t\t\t\t\t<\/div>\n\t\t<\/section>\n\t\t\t\t<section class=\"elementor-section elementor-top-section elementor-element elementor-element-fcd91f0 elementor-section-full_width elementor-section-height-default elementor-section-height-default qodef-elementor-content-no\" data-id=\"fcd91f0\" data-element_type=\"section\">\n\t\t\t\t\t\t<div class=\"elementor-container elementor-column-gap-default\">\n\t\t\t\t\t<div class=\"elementor-column elementor-col-100 elementor-top-column elementor-element elementor-element-ce3e5ec\" data-id=\"ce3e5ec\" data-element_type=\"column\">\n\t\t\t<div class=\"elementor-widget-wrap elementor-element-populated\">\n\t\t\t\t\t\t\t\t<div class=\"elementor-element elementor-element-fab30f9 elementor-hidden-tablet elementor-hidden-mobile elementor-widget elementor-widget-spacer\" data-id=\"fab30f9\" data-element_type=\"widget\" data-widget_type=\"spacer.default\">\n\t\t\t\t<div class=\"elementor-widget-container\">\n\t\t\t\t\t<div class=\"elementor-spacer\">\n\t\t\t<div class=\"elementor-spacer-inner\"><\/div>\n\t\t<\/div>\n\t\t\t\t<\/div>\n\t\t\t\t<\/div>\n\t\t\t\t\t<\/div>\n\t\t<\/div>\n\t\t\t\t\t\t\t<\/div>\n\t\t<\/section>\n\t\t\t\t<section class=\"elementor-section elementor-top-section elementor-element elementor-element-bbb8cc0 qodef-elementor-content-grid elementor-section-full_width elementor-section-height-default elementor-section-height-default\" data-id=\"bbb8cc0\" data-element_type=\"section\">\n\t\t\t\t\t\t<div class=\"elementor-container elementor-column-gap-default\">\n\t\t\t\t\t<div class=\"elementor-column elementor-col-50 elementor-top-column elementor-element elementor-element-e0d295e\" data-id=\"e0d295e\" data-element_type=\"column\">\n\t\t\t<div class=\"elementor-widget-wrap elementor-element-populated\">\n\t\t\t\t\t\t\t\t<div class=\"elementor-element elementor-element-241e1b1 elementor-widget__width-initial elementor-widget elementor-widget-text-editor\" data-id=\"241e1b1\" data-element_type=\"widget\" data-widget_type=\"text-editor.default\">\n\t\t\t\t<div class=\"elementor-widget-container\">\n\t\t\t<style>\/*! elementor - v3.6.6 - 08-06-2022 *\/\n.elementor-widget-text-editor.elementor-drop-cap-view-stacked .elementor-drop-cap{background-color:#818a91;color:#fff}.elementor-widget-text-editor.elementor-drop-cap-view-framed .elementor-drop-cap{color:#818a91;border:3px solid;background-color:transparent}.elementor-widget-text-editor:not(.elementor-drop-cap-view-default) .elementor-drop-cap{margin-top:8px}.elementor-widget-text-editor:not(.elementor-drop-cap-view-default) .elementor-drop-cap-letter{width:1em;height:1em}.elementor-widget-text-editor .elementor-drop-cap{float:left;text-align:center;line-height:1;font-size:50px}.elementor-widget-text-editor .elementor-drop-cap-letter{display:inline-block}<\/style>\t\t\t\t<p>Il successo di Kudu Travel inizia nel 2004 quando un gruppo di appassionati naturalisti di diverse nazionalit\u00e0, riprendendo i suggerimenti di alcune delle pi\u00f9 famose guide africane, progettano e realizzano il Kudu Camp, nello Tsavo East National Park, per trasmettere il loro amore per questa terra e la sua gente. Migliaia di immagini scenderanno dai tuoi occhi nel profondo del tuo cuore e per il resto della tua vita, a poco a poco, torneranno alla tua mente con calore e nostalgia. Perch\u00e9 Kudu Camp \u00e8 di per s\u00e9 il simbolo della malattia africana. Il successo del Kudu Camp, ormai considerato il fiore all\u2019occhiello dello Tsavo East, ha stimolato i fondatori a selezionare i posti migliori del Kenya e ad offrire un\u2019ampia gamma di scelte in tutti i parchi sia del Kenya che dei paesi limitrofi. Il Masai Mara, l\u2019Amboseli, il Serengeti e il Ngorongoro in Tanzania, solo per citarne alcuni, si apriranno ai tuoi occhi increduli come una visione straordinaria che solo questo continente pu\u00f2 offrire.<\/p>\t\t\t\t\t\t<\/div>\n\t\t\t\t<\/div>\n\t\t\t\t\t<\/div>\n\t\t<\/div>\n\t\t\t\t<div class=\"elementor-column elementor-col-50 elementor-top-column elementor-element elementor-element-48b89d2\" data-id=\"48b89d2\" data-element_type=\"column\">\n\t\t\t<div class=\"elementor-widget-wrap elementor-element-populated\">\n\t\t\t\t\t\t\t\t<div class=\"elementor-element elementor-element-f2db906 elementor-widget__width-initial elementor-widget elementor-widget-text-editor\" data-id=\"f2db906\" data-element_type=\"widget\" data-widget_type=\"text-editor.default\">\n\t\t\t\t<div class=\"elementor-widget-container\">\n\t\t\t\t\t\t\t<p>Panorami mozzafiato, branchi di animali in libert\u00e0, la grande migrazione, i Big Five, i cinque animali simbolo del safari: il leone, il leopardo, il rinoceronte, il bufalo e l\u2019elefante. Il nostro compito \u00e8 quindi organizzare safari in tutto il Kenya, impegno che ha aperto la strada alla comunicazione diretta con questo meraviglioso Paese, crescendo giorno dopo giorno, acquisendo conoscenza dell\u2019inimitabile prodotto ed ampliando sempre di pi\u00f9 l\u2019offerta di servizi. diversificato e specifico. La nostra mission \u00e8 trasferire agli amanti dei viaggi e della natura lo stesso amore che ha originato la nostra azienda, portandola a un livello di professionalit\u00e0 e notoriet\u00e0 che va ben oltre le pi\u00f9 rosee aspettative e che riteniamo essere la ricompensa dell\u2019impegno. di ogni membro del team composto da oltre cento professionisti.<\/p>\t\t\t\t\t\t<\/div>\n\t\t\t\t<\/div>\n\t\t\t\t\t<\/div>\n\t\t<\/div>\n\t\t\t\t\t\t\t<\/div>\n\t\t<\/section>\n\t\t\t\t<section class=\"elementor-section elementor-top-section elementor-element elementor-element-332fe46 elementor-section-boxed elementor-section-height-default elementor-section-height-default qodef-elementor-content-no\" data-id=\"332fe46\" data-element_type=\"section\">\n\t\t\t\t\t\t<div class=\"elementor-container elementor-column-gap-default\">\n\t\t\t\t\t<div class=\"elementor-column elementor-col-100 elementor-top-column elementor-element elementor-element-2b44a8b\" data-id=\"2b44a8b\" data-element_type=\"column\">\n\t\t\t<div class=\"elementor-widget-wrap elementor-element-populated\">\n\t\t\t\t\t\t\t\t<div class=\"elementor-element elementor-element-50b1bf5 elementor-widget elementor-widget-spacer\" data-id=\"50b1bf5\" data-element_type=\"widget\" data-widget_type=\"spacer.default\">\n\t\t\t\t<div class=\"elementor-widget-container\">\n\t\t\t\t\t<div class=\"elementor-spacer\">\n\t\t\t<div class=\"elementor-spacer-inner\"><\/div>\n\t\t<\/div>\n\t\t\t\t<\/div>\n\t\t\t\t<\/div>\n\t\t\t\t\t<\/div>\n\t\t<\/div>\n\t\t\t\t\t\t\t<\/div>\n\t\t<\/section>\n\t\t\t\t<section class=\"elementor-section elementor-top-section elementor-element elementor-element-16754be elementor-section-boxed elementor-section-height-default elementor-section-height-default qodef-elementor-content-no\" data-id=\"16754be\" data-element_type=\"section\">\n\t\t\t\t\t\t\t<div class=\"elementor-background-overlay\"><\/div>\n\t\t\t\t\t\t\t<div class=\"elementor-container elementor-column-gap-default\">\n\t\t\t\t\t<div class=\"elementor-column elementor-col-100 elementor-top-column elementor-element elementor-element-61551fa\" data-id=\"61551fa\" data-element_type=\"column\">\n\t\t\t<div class=\"elementor-widget-wrap elementor-element-populated\">\n\t\t\t\t\t\t\t\t<div class=\"elementor-element elementor-element-929c11b elementor-widget elementor-widget-spacer\" data-id=\"929c11b\" data-element_type=\"widget\" data-widget_type=\"spacer.default\">\n\t\t\t\t<div class=\"elementor-widget-container\">\n\t\t\t\t\t<div class=\"elementor-spacer\">\n\t\t\t<div class=\"elementor-spacer-inner\"><\/div>\n\t\t<\/div>\n\t\t\t\t<\/div>\n\t\t\t\t<\/div>\n\t\t\t\t\t<\/div>\n\t\t<\/div>\n\t\t\t\t\t\t\t<\/div>\n\t\t<\/section>\n\t\t\t\t\t\t\t<\/div>\n\t\t","protected":false},"excerpt":{"rendered":"<p>Kudu Safari Camp &#8211; Chi Siamo Chi Siamo Solo chi l\u2019ha gi\u00e0 vissuto pu\u00f2 raccontarti la straordinaria esperienza di un safari in Africa. Immagina un fiume che scorre lento, disegnando un\u2019ansa ai piedi di una collina da cui puoi ammirare il sole che sorge al mattino e sdraiati gi\u00f9 la sera sulla savana infinita, immagina [&hellip;]<\/p>\n","protected":false},"author":1,"featured_media":0,"parent":0,"menu_order":0,"comment_status":"closed","ping_status":"closed","template":"page-full-width.php","meta":{"footnotes":""},"folder":[110],"class_list":["post-13675","page","type-page","status-publish","hentry"],"yoast_head":"<!-- This site is optimized with the Yoast SEO plugin v26.2 - https:\/\/yoast.com\/wordpress\/plugins\/seo\/ -->\n<title>About Kudu Safari Camp - Kudu Safari Camp<\/title>\n<meta name=\"description\" content=\"Il miglior campo tendato di lusso allo Tsavo East National Park, in Kenya. Goditi un Safari e ammira il fiume Galana dal Kudu Safari Camp.\" \/>\n<meta name=\"robots\" content=\"index, follow, max-snippet:-1, max-image-preview:large, max-video-preview:-1\" \/>\n<link rel=\"canonical\" href=\"https:\/\/kudusafaricamp.com\/it\/storia-kudu-safari-camp\/\" \/>\n<meta property=\"og:locale\" content=\"it_IT\" \/>\n<meta property=\"og:type\" content=\"article\" \/>\n<meta property=\"og:title\" content=\"About Kudu Safari Camp - Kudu Safari Camp\" \/>\n<meta property=\"og:description\" content=\"Il miglior campo tendato di lusso allo Tsavo East National Park, in Kenya. Goditi un Safari e ammira il fiume Galana dal Kudu Safari Camp.\" \/>\n<meta property=\"og:url\" content=\"https:\/\/kudusafaricamp.com\/it\/storia-kudu-safari-camp\/\" \/>\n<meta property=\"og:site_name\" content=\"Kudu Safari Camp\" \/>\n<meta property=\"article:modified_time\" content=\"2023-02-03T10:54:09+00:00\" \/>\n<meta property=\"og:image\" content=\"https:\/\/kudusafaricamp.com\/wp-content\/uploads\/2022\/06\/randy-fath-epf1tdtIIkM-unsplash1-1024x683.jpg\" \/>\n<meta name=\"twitter:card\" content=\"summary_large_image\" \/>\n<meta name=\"twitter:label1\" content=\"Tempo di lettura stimato\" \/>\n\t<meta name=\"twitter:data1\" content=\"2 minuti\" \/>\n<script type=\"application\/ld+json\" class=\"yoast-schema-graph\">{\"@context\":\"https:\/\/schema.org\",\"@graph\":[{\"@type\":\"WebPage\",\"@id\":\"https:\/\/kudusafaricamp.com\/it\/storia-kudu-safari-camp\/\",\"url\":\"https:\/\/kudusafaricamp.com\/it\/storia-kudu-safari-camp\/\",\"name\":\"About Kudu Safari Camp - Kudu Safari Camp\",\"isPartOf\":{\"@id\":\"https:\/\/kudusafaricamp.com\/it\/#website\"},\"primaryImageOfPage\":{\"@id\":\"https:\/\/kudusafaricamp.com\/it\/storia-kudu-safari-camp\/#primaryimage\"},\"image\":{\"@id\":\"https:\/\/kudusafaricamp.com\/it\/storia-kudu-safari-camp\/#primaryimage\"},\"thumbnailUrl\":\"https:\/\/kudusafaricamp.com\/wp-content\/uploads\/2022\/06\/randy-fath-epf1tdtIIkM-unsplash1-1024x683.jpg\",\"datePublished\":\"2022-06-22T10:17:53+00:00\",\"dateModified\":\"2023-02-03T10:54:09+00:00\",\"description\":\"Il miglior campo tendato di lusso allo Tsavo East National Park, in Kenya. Goditi un Safari e ammira il fiume Galana dal Kudu Safari Camp.\",\"breadcrumb\":{\"@id\":\"https:\/\/kudusafaricamp.com\/it\/storia-kudu-safari-camp\/#breadcrumb\"},\"inLanguage\":\"it-IT\",\"potentialAction\":[{\"@type\":\"ReadAction\",\"target\":[\"https:\/\/kudusafaricamp.com\/it\/storia-kudu-safari-camp\/\"]}]},{\"@type\":\"ImageObject\",\"inLanguage\":\"it-IT\",\"@id\":\"https:\/\/kudusafaricamp.com\/it\/storia-kudu-safari-camp\/#primaryimage\",\"url\":\"https:\/\/kudusafaricamp.com\/wp-content\/uploads\/2022\/06\/randy-fath-epf1tdtIIkM-unsplash1-1024x683.jpg\",\"contentUrl\":\"https:\/\/kudusafaricamp.com\/wp-content\/uploads\/2022\/06\/randy-fath-epf1tdtIIkM-unsplash1-1024x683.jpg\"},{\"@type\":\"BreadcrumbList\",\"@id\":\"https:\/\/kudusafaricamp.com\/it\/storia-kudu-safari-camp\/#breadcrumb\",\"itemListElement\":[{\"@type\":\"ListItem\",\"position\":1,\"name\":\"Home\",\"item\":\"https:\/\/kudusafaricamp.com\/it\/\"},{\"@type\":\"ListItem\",\"position\":2,\"name\":\"About Kudu Safari Camp\"}]},{\"@type\":\"WebSite\",\"@id\":\"https:\/\/kudusafaricamp.com\/it\/#website\",\"url\":\"https:\/\/kudusafaricamp.com\/it\/\",\"name\":\"Kudu Safari Camp Tsavo East\",\"description\":\"WILD LUXURY EXPERIENCE\",\"potentialAction\":[{\"@type\":\"SearchAction\",\"target\":{\"@type\":\"EntryPoint\",\"urlTemplate\":\"https:\/\/kudusafaricamp.com\/it\/?s={search_term_string}\"},\"query-input\":{\"@type\":\"PropertyValueSpecification\",\"valueRequired\":true,\"valueName\":\"search_term_string\"}}],\"inLanguage\":\"it-IT\"}]}<\/script>\n<!-- \/ Yoast SEO plugin. -->","yoast_head_json":{"title":"About Kudu Safari Camp - Kudu Safari Camp","description":"Il miglior campo tendato di lusso allo Tsavo East National Park, in Kenya. Goditi un Safari e ammira il fiume Galana dal Kudu Safari Camp.","robots":{"index":"index","follow":"follow","max-snippet":"max-snippet:-1","max-image-preview":"max-image-preview:large","max-video-preview":"max-video-preview:-1"},"canonical":"https:\/\/kudusafaricamp.com\/it\/storia-kudu-safari-camp\/","og_locale":"it_IT","og_type":"article","og_title":"About Kudu Safari Camp - Kudu Safari Camp","og_description":"Il miglior campo tendato di lusso allo Tsavo East National Park, in Kenya. Goditi un Safari e ammira il fiume Galana dal Kudu Safari Camp.","og_url":"https:\/\/kudusafaricamp.com\/it\/storia-kudu-safari-camp\/","og_site_name":"Kudu Safari Camp","article_modified_time":"2023-02-03T10:54:09+00:00","og_image":[{"url":"https:\/\/kudusafaricamp.com\/wp-content\/uploads\/2022\/06\/randy-fath-epf1tdtIIkM-unsplash1-1024x683.jpg","type":"","width":"","height":""}],"twitter_card":"summary_large_image","twitter_misc":{"Tempo di lettura stimato":"2 minuti"},"schema":{"@context":"https:\/\/schema.org","@graph":[{"@type":"WebPage","@id":"https:\/\/kudusafaricamp.com\/it\/storia-kudu-safari-camp\/","url":"https:\/\/kudusafaricamp.com\/it\/storia-kudu-safari-camp\/","name":"About Kudu Safari Camp - Kudu Safari Camp","isPartOf":{"@id":"https:\/\/kudusafaricamp.com\/it\/#website"},"primaryImageOfPage":{"@id":"https:\/\/kudusafaricamp.com\/it\/storia-kudu-safari-camp\/#primaryimage"},"image":{"@id":"https:\/\/kudusafaricamp.com\/it\/storia-kudu-safari-camp\/#primaryimage"},"thumbnailUrl":"https:\/\/kudusafaricamp.com\/wp-content\/uploads\/2022\/06\/randy-fath-epf1tdtIIkM-unsplash1-1024x683.jpg","datePublished":"2022-06-22T10:17:53+00:00","dateModified":"2023-02-03T10:54:09+00:00","description":"Il miglior campo tendato di lusso allo Tsavo East National Park, in Kenya. Goditi un Safari e ammira il fiume Galana dal Kudu Safari Camp.","breadcrumb":{"@id":"https:\/\/kudusafaricamp.com\/it\/storia-kudu-safari-camp\/#breadcrumb"},"inLanguage":"it-IT","potentialAction":[{"@type":"ReadAction","target":["https:\/\/kudusafaricamp.com\/it\/storia-kudu-safari-camp\/"]}]},{"@type":"ImageObject","inLanguage":"it-IT","@id":"https:\/\/kudusafaricamp.com\/it\/storia-kudu-safari-camp\/#primaryimage","url":"https:\/\/kudusafaricamp.com\/wp-content\/uploads\/2022\/06\/randy-fath-epf1tdtIIkM-unsplash1-1024x683.jpg","contentUrl":"https:\/\/kudusafaricamp.com\/wp-content\/uploads\/2022\/06\/randy-fath-epf1tdtIIkM-unsplash1-1024x683.jpg"},{"@type":"BreadcrumbList","@id":"https:\/\/kudusafaricamp.com\/it\/storia-kudu-safari-camp\/#breadcrumb","itemListElement":[{"@type":"ListItem","position":1,"name":"Home","item":"https:\/\/kudusafaricamp.com\/it\/"},{"@type":"ListItem","position":2,"name":"About Kudu Safari Camp"}]},{"@type":"WebSite","@id":"https:\/\/kudusafaricamp.com\/it\/#website","url":"https:\/\/kudusafaricamp.com\/it\/","name":"Kudu Safari Camp Tsavo East","description":"WILD LUXURY EXPERIENCE","potentialAction":[{"@type":"SearchAction","target":{"@type":"EntryPoint","urlTemplate":"https:\/\/kudusafaricamp.com\/it\/?s={search_term_string}"},"query-input":{"@type":"PropertyValueSpecification","valueRequired":true,"valueName":"search_term_string"}}],"inLanguage":"it-IT"}]}},"_links":{"self":[{"href":"https:\/\/kudusafaricamp.com\/it\/wp-json\/wp\/v2\/pages\/13675","targetHints":{"allow":["GET"]}}],"collection":[{"href":"https:\/\/kudusafaricamp.com\/it\/wp-json\/wp\/v2\/pages"}],"about":[{"href":"https:\/\/kudusafaricamp.com\/it\/wp-json\/wp\/v2\/types\/page"}],"author":[{"embeddable":true,"href":"https:\/\/kudusafaricamp.com\/it\/wp-json\/wp\/v2\/users\/1"}],"replies":[{"embeddable":true,"href":"https:\/\/kudusafaricamp.com\/it\/wp-json\/wp\/v2\/comments?post=13675"}],"version-history":[{"count":69,"href":"https:\/\/kudusafaricamp.com\/it\/wp-json\/wp\/v2\/pages\/13675\/revisions"}],"predecessor-version":[{"id":14549,"href":"https:\/\/kudusafaricamp.com\/it\/wp-json\/wp\/v2\/pages\/13675\/revisions\/14549"}],"wp:attachment":[{"href":"https:\/\/kudusafaricamp.com\/it\/wp-json\/wp\/v2\/media?parent=13675"}],"wp:term":[{"taxonomy":"folder","embeddable":true,"href":"https:\/\/kudusafaricamp.com\/it\/wp-json\/wp\/v2\/folder?post=13675"}],"curies":[{"name":"wp","href":"https:\/\/api.w.org\/{rel}","templated":true}]}}